{"id":1189,"date":"2019-04-03T05:01:13","date_gmt":"2019-04-03T05:01:13","guid":{"rendered":"http:\/\/arkahost.com\/?page_id=2"},"modified":"2021-08-18T20:47:22","modified_gmt":"2021-08-18T20:47:22","slug":"home-version-1","status":"publish","type":"page","link":"https:\/\/ibizmexico.com.mx\/web\/","title":{"rendered":"Inicio"},"content":{"rendered":"<p>[vc_row king_row_type=\u00bbcontainer_full\u00bb][vc_column][rev_slider_vc alias=\u00bbhome-page-3&#8243;][\/vc_column][\/vc_row][vc_row king_class=\u00bbdomain_search\u00bb][vc_column]<div class=\"serch_area\"><div class=\"check-domain-from animated eff-fadeIn delay-200ms\">\r\n\t<h5 class=\"white caps\">Encuentra el nombre perfecto para tu dominio:<\/h5>\t<form method=\"POST\" class=\"search_domain_form\" data-form=\"direct\" action=\"https:\/\/ibizmexico.com.mx\/clientes\/domainchecker.php\">\r\n\t\t<input class=\"enter_email_input domain_input\" name=\"domain_input\" id=\"domain_input\" value=\"\" placeholder=\"Escribe el nombre de tu dominio aqu\u00ed ...\" type=\"text\"\/>\r\n\t\t<input name=\"search_domain\" value=\"BUSCAR DOMINIO\" class=\"input_submit\" type=\"button\"\/>\r\n\t\t<!-- mfunc DOMAIN_SEARCH -->\r\n\t\t<input type=\"hidden\" id=\"security\" name=\"security\" value=\"19f6cf874f\" \/><input type=\"hidden\" name=\"_wp_http_referer\" value=\"\/web\/wp-json\/wp\/v2\/pages\/1189\" \/>\t\t<!-- \/mfunc DOMAIN_SEARCH -->\r\n\t\t<input type=\"hidden\" class=\"domain\" value=\"\" name=\"domain\">\r\n\t\t<input type=\"hidden\" class=\"domains\" name=\"domains[]\" value=\"\">\r\n        <input type=\"hidden\" class=\"domainsregperiod\" name=\"domainsregperiod[]\" value=\"1\">\r\n\r\n\t<\/form>\r\n\t<\/div>\r\n<div id=\"domain_search_results\"><\/div><\/div>\r\n[vc_row_inner king_class=\u00bboffers\u00bb][vc_column_inner el_animate=\u00bbanimated eff-fadeInUp\u00bb el_delay=\u00bb300&#8243;][vc_column_text]<\/p>\n<ul>\n<li><strong>.com <\/strong>$300.0<\/li>\n<li><strong>.mx<\/strong> $992.45<\/li>\n<li><strong>.net <\/strong>$331.46<\/li>\n<li><strong>.org, .org.mx, .com.mx <\/strong>$341.15<\/li>\n<\/ul>\n<p>[\/vc_column_text][\/vc_column_inner][\/vc_row_inner][\/vc_column][\/vc_row][vc_row king_class=\u00bbhost_plans\u00bb][vc_column]<h1 class=\"caps\"><strong>Elige el mejor plan de Hospedaje Web para ti<\/strong>\n<em>\nIBIZMEXICO.\n<\/em><\/h1><div class=\"clearfix margin_top3\"><\/div>No pricing table, <a href=\"https:\/\/ibizmexico.com.mx\/web\/wp-admin\/post-new.php?post_type=pricing-tables\" target=\"_blank\">Add Pricing<\/a>[\/vc_column][\/vc_row][vc_row king_row_type=\u00bbcontainer_full\u00bb king_class=\u00bbfeature_section2&#8243;][vc_column]<div class=\"title\"><h1 class=\"caps sitecolor\"><strong>\u00bfC\u00f3mo construir tu sitio web en l\u00ednea desde hoy?<\/strong><\/h1><\/div>[vc_row_inner king_class=\u00bbtwoboxes\u00bb king_class_container=\u00bbcontainer\u00bb][vc_column_inner el_class=\u00bbleft\u00bb el_animate=\u00bbanimated eff-fadeInLeft\u00bb width=\u00bb1\/2&#8243; el_delay=\u00bb200&#8243;]\n\t\t<div class=\"king-elements \">\n\t\t\t<div class=\"king-elements-inner\">\n        \t<i class=\"desktop element-icon \"><\/i><strong>\n\t<em>Crea tu Propio Sitio Web con Nuestro<\/em>\n\tCreador de Sitios Web\n<\/strong>\n\n<div class=\"clearfix\"><\/div>\n\n<ul>\n\t<li>\n\t<i class=\"fa fa-long-arrow-right\"><\/i> F\u00e1cil de usar, Construye tu Sitio Web Profesional de Manera F\u00e1cil. \n\t<\/li>\n\t<li>\n\t<i class=\"fa fa-long-arrow-right\"><\/i> Cientos de Dise\u00f1os Personalizables, Contenidos Multimedia.\n\t<\/li>\n\t<li>\n\t<i class=\"fa fa-long-arrow-right\"><\/i>  \nDominio, Hospedaje, Base de Datos, Cuenta FTP y Correo Electr\u00f3nico Comercial GRATIS.\n\t<div class=\"sitecolor\">Desde...$$...<\/div>\n\t<\/li>\n\t<li><a href=\"#\" class=\"button one\">Leer m\u00e1s...<\/a><\/li>\n<\/ul>\t\t\t<\/div>\n        <\/div>\n\n\t[\/vc_column_inner][vc_column_inner el_class=\u00bbright\u00bb el_animate=\u00bbanimated eff-fadeInRight\u00bb width=\u00bb1\/2&#8243; el_delay=\u00bb200&#8243;]\n\t\t<div class=\"king-elements \">\n\t\t\t<div class=\"king-elements-inner\">\n        \t<i class=\"fas fa-share-square element-icon \"><\/i><strong>\n\t<em>Posicionamiento de tu Sitio\/Marca.<\/em>\n\tINTERNET-MARKETING\n<\/strong>\n\n<div class=\"clearfix\"><\/div>\n\n<ul>\n\t<li>\n\t<i class=\"fa fa-long-arrow-right\"><\/i> Consigue Mayor Crecimiento, Mejora el Posicionamiento y amplia la Difusi\u00f3n de tu Marca.\n\t<\/li>\n\t<li>\n\t<i class=\"fa fa-long-arrow-right\"><\/i> Estrategias Espec\u00edficas Para tu Tipo de Negocio.\n\t<\/li>\n\t<li>\n\t<i class=\"fa fa-long-arrow-right\"><\/i> Aprovecha al M\u00e1ximo los Recursos y Oportunidades Online Para Potenciar tu Sitio o Marca de Manera Eficiente.\n\t<div class=\"sitecolor\">Desde...$$...<\/div>\n\t<\/li>\n\t<li><a href=\"https:\/\/ibizmexico.com.mx\/wordpress\/internet-marketing\/\" class=\"button one\">Leer M\u00e1s...<\/a><\/li>\n<\/ul>\t\t\t<\/div>\n        <\/div>\n\n\t[\/vc_column_inner][\/vc_row_inner][\/vc_column][\/vc_row][vc_row king_class=\u00bbparallax_section1&#8243;][vc_column]<h1 class=\"caps\"><strong>Que M\u00e1s Ofrecemos<\/strong><\/h1><div class=\"clearfix margin_top1\"><\/div>[vc_tabs interval=\u00bb0&#8243; type=\u00bbtabs\u00bb el_class=\u00bbdetached animated eff-fadeInUp delay-250ms\u00bb][vc_tab title=\u00bbHospedaje\u00bb tab_id=\u00bbdef1436093735-1-65&#8243;][vc_row_inner][vc_column_inner width=\u00bb4\/12&#8243;][vc_single_image image=\u00bb1316&#8243; img_size=\u00bbfull\u00bb][\/vc_column_inner][vc_column_inner width=\u00bb8\/12&#8243;][vc_column_text]<\/p>\n<h2 id=\"tw-target-text\" class=\"tw-data-text tw-text-large XcVN5d tw-ta\" dir=\"ltr\" data-placeholder=\"Traducci\u00f3n\"><span lang=\"es\">Los planes de hospedaje web proporcionan hospedaje web de calidad con recursos ilimitados.<\/span><\/h2>\n<p id=\"tw-target-text\" class=\"tw-data-text tw-text-large XcVN5d tw-ta\" dir=\"ltr\" data-placeholder=\"Traducci\u00f3n\"><span lang=\"es\">Todos nuestros planes de alojamiento web est\u00e1n cuidadosamente dise\u00f1ados. Adem\u00e1s de las caracter\u00edsticas est\u00e1ndar como nombres de dominio gratuitos, soporte t\u00e9cnico 24\/7, 99.9% de tiempo de actividad, etc., agregamos nuestras propias soluciones personalizadas para hacer que su sitio web sea m\u00e1s r\u00e1pido, seguro y con mejor soporte que en cualquier otro lugar.<\/span><\/p>\n<p>&nbsp;<\/p>\n<p><a class=\"button two\" href=\"https:\/\/ibizmexico.com.mx\/web\/reseller-hosting\/\">Ver M\u00e1s<\/a>[\/vc_column_text][\/vc_column_inner][\/vc_row_inner][\/vc_tab][vc_tab title=\u00bbP\u00e1ginas Web\u00bb tab_id=\u00bb1438590307034-1-2&#8243;][vc_row_inner][vc_column_inner width=\u00bb4\/12&#8243;][vc_single_image image=\u00bb1323&#8243; img_size=\u00bbfull\u00bb][\/vc_column_inner][vc_column_inner width=\u00bb8\/12&#8243;][vc_column_text]<\/p>\n<h2 id=\"tw-target-text\" class=\"tw-data-text tw-text-large XcVN5d tw-ta\" dir=\"ltr\" data-placeholder=\"Traducci\u00f3n\"><span lang=\"es\">Los planes del Creador de sitios web brindan hospedaje web de calidad con recursos ilimitados.<\/span><\/h2>\n<p><span lang=\"es\">Con el creador de sitios web de ibizMexico, es f\u00e1cil crear un sitio web elegante y profesional para su empresa. Elija entre plantillas totalmente personalizables y compatibles con dispositivos m\u00f3viles, y luego arrastre y suelte su contenido donde quiera.<\/span><\/p>\n<p>&nbsp;<\/p>\n<p><a class=\"button two\" href=\"#\">Ver M\u00e1s<\/a>[\/vc_column_text][\/vc_column_inner][\/vc_row_inner][\/vc_tab][vc_tab title=\u00bbDominios\u00bb tab_id=\u00bb1438590370593-2-2&#8243;][vc_row_inner][vc_column_inner width=\u00bb4\/12&#8243;][vc_single_image image=\u00bb1324&#8243; img_size=\u00bbfull\u00bb][\/vc_column_inner][vc_column_inner width=\u00bb8\/12&#8243;][vc_column_text]<\/p>\n<h2 id=\"tw-target-text\" class=\"tw-data-text tw-text-large XcVN5d tw-ta\" dir=\"ltr\" data-placeholder=\"Traducci\u00f3n\"><span lang=\"es\">Los paquetes de dominio brindan hospedaje web de calidad con recursos ilimitados.<\/span><\/h2>\n<p id=\"tw-target-text\" class=\"tw-data-text tw-text-large XcVN5d tw-ta\" dir=\"ltr\" data-placeholder=\"Traducci\u00f3n\"><span lang=\"es\"> Adem\u00e1s de excelentes precios y un compromiso con el servicio al cliente de clase mundial, ofrecemos alojamiento web, correo electr\u00f3nico, creador de sitios web, nombres de dominio, traslados y certificados SSL.<\/span><\/p>\n<p>&nbsp;<\/p>\n<p><a class=\"button two\" href=\"https:\/\/ibizmexico.com.mx\/web\/dominios\/\">Ver M\u00e1s<\/a>[\/vc_column_text][\/vc_column_inner][\/vc_row_inner][\/vc_tab][vc_tab title=\u00bbMarketing\u00bb tab_id=\u00bb1438590411922-3-8&#8243;][vc_row_inner][vc_column_inner width=\u00bb4\/12&#8243;][vc_single_image image=\u00bb1325&#8243; img_size=\u00bbfull\u00bb][\/vc_column_inner][vc_column_inner width=\u00bb8\/12&#8243;][vc_column_text]<\/p>\n<h2>M\u00c1S QUE POSICIONAMIENTO DE SITIO, POSICIONAMIENTO DE PRODUCTO<\/h2>\n<p class=\"bigtfont dark\">&#8211; Permite medir de forma muy precisa y de forma continua el resultado de las campa\u00f1as de publicidad<br \/>\n&#8211; Permite entrar directamente en contacto con los potenciales clientes o usuarios<br \/>\n&#8211; Permite continuas adaptaciones y modificaciones de las campa\u00f1as seg\u00fan las exigencias del momento<br \/>\n&#8211; Analizar el tipo de clientes que adquiere su producto<\/p>\n<p>&nbsp;<\/p>\n<p><a class=\"button two\" href=\"https:\/\/ibizmexico.com.mx\/web\/internet-marketing\/\">Ver M\u00e1s<\/a>[\/vc_column_text][\/vc_column_inner][\/vc_row_inner][\/vc_tab][vc_tab title=\u00bbCertificaci\u00f3n SSL\u00bb tab_id=\u00bb1438590447242-4-6&#8243;][vc_row_inner][vc_column_inner width=\u00bb4\/12&#8243;][vc_single_image image=\u00bb1326&#8243; img_size=\u00bbfull\u00bb][\/vc_column_inner][vc_column_inner width=\u00bb8\/12&#8243;][vc_column_text]<\/p>\n<h2>Asegure su sitio y agregue confianza y seguridad a sus visitantes<\/h2>\n<p id=\"tw-target-text\" class=\"tw-data-text tw-text-large XcVN5d tw-ta\" dir=\"ltr\" data-placeholder=\"Traducci\u00f3n\"><span lang=\"es\">Los certificados SSL son fundamentales para la seguridad de Internet. Se utilizan para establecer una conexi\u00f3n cifrada y permitir que los datos se transmitan de forma segura entre un navegador o la computadora del usuario y un servidor o sitio web.<\/span><\/p>\n<p>&nbsp;<\/p>\n<p><a class=\"button two\" href=\"#\">Ver M\u00e1s<\/a>[\/vc_column_text][\/vc_column_inner][\/vc_row_inner][\/vc_tab][\/vc_tabs][\/vc_column][\/vc_row][vc_row king_row_type=\u00bbcontainer_full\u00bb][vc_column]<div class=\"clearfix margin_top5\"><\/div>[\/vc_column][\/vc_row]<\/p>\n","protected":false},"excerpt":{"rendered":"<p>[vc_row king_row_type=\u00bbcontainer_full\u00bb][vc_column][rev_slider_vc alias=\u00bbhome-page-3&#8243;][\/vc_column][\/vc_row][vc_row king_class=\u00bbdomain_search\u00bb][vc_column][vc_row_inner king_class=\u00bboffers\u00bb][vc_column_inner el_animate=\u00bbanimated eff-fadeInUp\u00bb el_delay=\u00bb300&#8243;][vc_column_text] .com $300.0 .mx $992.45 .net $331.46 .org, .org.mx, .com.mx $341.15 [\/vc_column_text][\/vc_column_inner][\/vc_row_inner][\/vc_column][\/vc_row][vc_row king_class=\u00bbhost_plans\u00bb][vc_column][\/vc_column][\/vc_row][vc_row king_row_type=\u00bbcontainer_full\u00bb king_class=\u00bbfeature_section2&#8243;][vc_column][vc_row_inner king_class=\u00bbtwoboxes\u00bb king_class_container=\u00bbcontainer\u00bb][vc_column_inner el_class=\u00bbleft\u00bb el_animate=\u00bbanimated eff-fadeInLeft\u00bb width=\u00bb1\/2&#8243; el_delay=\u00bb200&#8243;][\/vc_column_inner][vc_column_inner el_class=\u00bbright\u00bb el_animate=\u00bbanimated eff-fadeInRight\u00bb width=\u00bb1\/2&#8243; el_delay=\u00bb200&#8243;][\/vc_column_inner][\/vc_row_inner][\/vc_column][\/vc_row][vc_row king_class=\u00bbparallax_section1&#8243;][vc_column][vc_tabs interval=\u00bb0&#8243; type=\u00bbtabs\u00bb el_class=\u00bbdetached animated eff-fadeInUp delay-250ms\u00bb][vc_tab title=\u00bbHospedaje\u00bb tab_id=\u00bbdef1436093735-1-65&#8243;][vc_row_inner][vc_column_inner width=\u00bb4\/12&#8243;][vc_single_image image=\u00bb1316&#8243; img_size=\u00bbfull\u00bb][\/vc_column_inner][vc_column_inner width=\u00bb8\/12&#8243;][vc_column_text] Los planes de hospedaje web proporcionan hospedaje web [&hellip;]<\/p>\n","protected":false},"author":1,"featured_media":0,"parent":0,"menu_order":0,"comment_status":"closed","ping_status":"closed","template":"templates\/page-full.php","meta":{"footnotes":""},"class_list":["post-1189","page","type-page","status-publish","hentry"],"_links":{"self":[{"href":"https:\/\/ibizmexico.com.mx\/web\/wp-json\/wp\/v2\/pages\/1189","targetHints":{"allow":["GET"]}}],"collection":[{"href":"https:\/\/ibizmexico.com.mx\/web\/wp-json\/wp\/v2\/pages"}],"about":[{"href":"https:\/\/ibizmexico.com.mx\/web\/wp-json\/wp\/v2\/types\/page"}],"author":[{"embeddable":true,"href":"https:\/\/ibizmexico.com.mx\/web\/wp-json\/wp\/v2\/users\/1"}],"replies":[{"embeddable":true,"href":"https:\/\/ibizmexico.com.mx\/web\/wp-json\/wp\/v2\/comments?post=1189"}],"version-history":[{"count":92,"href":"https:\/\/ibizmexico.com.mx\/web\/wp-json\/wp\/v2\/pages\/1189\/revisions"}],"predecessor-version":[{"id":2456,"href":"https:\/\/ibizmexico.com.mx\/web\/wp-json\/wp\/v2\/pages\/1189\/revisions\/2456"}],"wp:attachment":[{"href":"https:\/\/ibizmexico.com.mx\/web\/wp-json\/wp\/v2\/media?parent=1189"}],"curies":[{"name":"wp","href":"https:\/\/api.w.org\/{rel}","templated":true}]}}