{"id":1569,"date":"2019-05-01T02:37:09","date_gmt":"2019-05-01T02:37:09","guid":{"rendered":"http:\/\/arkahost.com\/?page_id=1569"},"modified":"2021-08-10T19:16:12","modified_gmt":"2021-08-10T19:16:12","slug":"hospedajeweb","status":"publish","type":"page","link":"https:\/\/ibizmexico.com.mx\/web\/hospedajeweb\/","title":{"rendered":"Hospedaje Web"},"content":{"rendered":"<p>[vc_row king_class=\u00bbprice_compare\u00bb king_class_container=\u00bbtable-wrapper\u00bb][vc_column][vc_row_inner king_class=\u00bbplan\u00bb king_class_container=\u00bbcontainer\u00bb][vc_column_inner el_class=\u00bbonecol_sixty\u00bb el_animate=\u00bbanimated eff-fadeInUp\u00bb width=\u00bb1\/2&#8243; el_delay=\u00bb200&#8243;]<h2 class=\"light\">Almacena todos los contenidos de tu sitio web en un servidor conectado a la red<\/h2>[vc_column_text]<\/p>\n<ul>\n<li>&#8211; Nombre de dominio gratuito<\/li>\n<li>&#8211; Espacio web ilimitado<\/li>\n<li>&#8211; Certificado SSL gratuito<\/li>\n<li>&#8211; Cuentas FTP ilimitadas<\/li>\n<\/ul>\n<p>[\/vc_column_text]<div class=\"clearfix margin_top7\"><\/div><h2>Con Planes Desde <strong>$3,600<\/strong>\/Anuales<\/h2><div class=\"clearfix margin_top3\"><\/div>[\/vc_column_inner][vc_column_inner el_class=\u00bbonecol_forty last\u00bb el_animate=\u00bbanimated eff-fadeInUp\u00bb width=\u00bb1\/2&#8243; el_delay=\u00bb350&#8243;][vc_single_image image=\u00bb1523&#8243; img_size=\u00bbfull\u00bb retina=\u00bbyes\u00bb size=\u00bbfull\u00bb][\/vc_column_inner][\/vc_row_inner]<div class=\"clearfix margin_top10\"><\/div><h1 class=\"caps\"><strong>\nUn Plan de Hospedaje Web Perfecto Para ti!\n<\/strong><\/h1><div class=\"clearfix margin_top5\"><\/div>[vc_row_inner][vc_column_inner el_class=\u00bbfirst rowfirst first-row\u00bb el_animate=\u00bbanimated eff-fadeIn\u00bb width=\u00bb1\/5&#8243; el_delay=\u00bb200&#8243;][vc_column_text el_class=\u00bbtitle\u00bb]<\/p>\n<div class=\"arrow_box\">\n<h5>Todas Las Funciones De Hospedaje<\/h5>\n<\/div>\n<p>[\/vc_column_text][\/vc_column_inner][vc_column_inner el_class=\u00bbrowsremain first-row\u00bb el_animate=\u00bbanimated eff-fadeIn\u00bb width=\u00bb1\/5&#8243; el_delay=\u00bb300&#8243;][vc_column_text el_class=\u00bbprices\u00bb]<\/p>\n<h4 class=\"caps\">Plan Profesional 100<\/h4>\n<p><strong>$3,600<\/strong><strong><i>\/Anual<\/i><\/strong><\/p>\n<p><a href=\"https:\/\/ibizmexico.com.mx\/clientes\/store\/hopedaje-web\">Adquirir<\/a>[\/vc_column_text][\/vc_column_inner][vc_column_inner el_class=\u00bbrowsremain first-row center\u00bb el_animate=\u00bbanimated eff-fadeIn\u00bb width=\u00bb1\/5&#8243; el_delay=\u00bb400&#8243;][vc_column_text el_class=\u00bbprices\u00bb]<\/p>\n<p class=\"span\">M\u00e1s Vendido<\/p>\n<h4 class=\"caps white\">Plan Profesional 500<\/h4>\n<p><strong>$4,800<\/strong><strong><i>\/Anual<\/i><\/strong><\/p>\n<p><a href=\"https:\/\/ibizmexico.com.mx\/clientes\/store\/hopedaje-web\">Adquirir<\/a>[\/vc_column_text][\/vc_column_inner][vc_column_inner el_class=\u00bbrowsremain first-row last\u00bb el_animate=\u00bbanimated eff-fadeIn\u00bb width=\u00bb1\/5&#8243; el_delay=\u00bb500&#8243;][vc_column_text el_class=\u00bbprices\u00bb]<\/p>\n<h4 class=\"caps\">Plan Profesional 2000<\/h4>\n<p><strong>$6,000<\/strong><strong><i>\/Anual<\/i><\/strong><\/p>\n<p><a href=\"https:\/\/ibizmexico.com.mx\/clientes\/store\/hopedaje-web\">Adquirir<\/a>[\/vc_column_text][\/vc_column_inner][vc_column_inner el_class=\u00bbrowsremain first-row last\u00bb el_animate=\u00bbanimated eff-fadeIn\u00bb width=\u00bb1\/12&#8243; el_delay=\u00bb600&#8243;][vc_column_text el_class=\u00bbprices\u00bb]<\/p>\n<h4 class=\"caps\">Plan Profesional PREMIUM<\/h4>\n<p><strong>$12,000<\/strong><strong><i>\/Anual<\/i><\/strong><\/p>\n<p><a href=\"https:\/\/ibizmexico.com.mx\/clientes\/store\/hopedaje-web\">Adquirir<\/a>[\/vc_column_text][\/vc_column_inner][\/vc_row_inner][vc_row_inner king_class=\u00bbth\u00bb][vc_column_inner el_class=\u00bbfirst rowfirst\u00bb width=\u00bb1\/5&#8243;][vc_column_text]Espacio Web[\/vc_column_text][\/vc_column_inner][vc_column_inner el_class=\u00bbrowsremain\u00bb width=\u00bb1\/5&#8243;][vc_column_text]100GB[\/vc_column_text][\/vc_column_inner][vc_column_inner el_class=\u00bbrowsremain\u00bb width=\u00bb1\/5&#8243;][vc_column_text]500GB[\/vc_column_text][\/vc_column_inner][vc_column_inner el_class=\u00bbrowsremain\u00bb width=\u00bb1\/5&#8243;][vc_column_text]2,000GB[\/vc_column_text][\/vc_column_inner][vc_column_inner el_class=\u00bbrowsremain\u00bb width=\u00bb1\/12&#8243;][vc_column_text]5,000GB[\/vc_column_text][\/vc_column_inner][\/vc_row_inner][vc_row_inner king_class=\u00bbtd\u00bb][vc_column_inner el_class=\u00bbfirst rowfirst\u00bb width=\u00bb1\/5&#8243;][vc_column_text]Registro de dominio gratuito[\/vc_column_text][\/vc_column_inner][vc_column_inner el_class=\u00bbrowsremain\u00bb width=\u00bb1\/5&#8243;][vc_column_text]<\/p>\n<div class=\"fas fa-check sitecolor\"><\/div>\n<p>[\/vc_column_text][\/vc_column_inner][vc_column_inner el_class=\u00bbrowsremain\u00bb width=\u00bb1\/5&#8243;][vc_column_text]<\/p>\n<div class=\"fas fa-check sitecolor\"><\/div>\n<p>[\/vc_column_text][\/vc_column_inner][vc_column_inner el_class=\u00bbrowsremain\u00bb width=\u00bb1\/5&#8243;][vc_column_text]<\/p>\n<div class=\"fas fa-check sitecolor\"><\/div>\n<p>[\/vc_column_text][\/vc_column_inner][vc_column_inner el_class=\u00bbrowsremain\u00bb width=\u00bb1\/12&#8243;][vc_column_text]<\/p>\n<div class=\"fas fa-check sitecolor\"><\/div>\n<p>[\/vc_column_text][\/vc_column_inner][\/vc_row_inner][vc_row_inner king_class=\u00bbth\u00bb][vc_column_inner el_class=\u00bbfirst rowfirst\u00bb width=\u00bb1\/5&#8243;][vc_column_text]Bases de datos MySQL[\/vc_column_text][\/vc_column_inner][vc_column_inner el_class=\u00bbrowsremain\u00bb width=\u00bb1\/5&#8243;][vc_column_text]<\/p>\n<div class=\"fas fa-check sitecolor\"><\/div>\n<p><!--\n\n\n<div class=\"fas fa-times gray\"><\/div>\n\n\n-->[\/vc_column_text][\/vc_column_inner][vc_column_inner el_class=\u00bbrowsremain\u00bb width=\u00bb1\/5&#8243;][vc_column_text]<\/p>\n<div class=\"fas fa-check sitecolor\"><\/div>\n<p>[\/vc_column_text][\/vc_column_inner][vc_column_inner el_class=\u00bbrowsremain\u00bb width=\u00bb1\/5&#8243;][vc_column_text]<\/p>\n<div class=\"fas fa-check sitecolor\"><\/div>\n<p>[\/vc_column_text][\/vc_column_inner][vc_column_inner el_class=\u00bbrowsremain\u00bb width=\u00bb1\/12&#8243;][vc_column_text]<\/p>\n<div class=\"fas fa-check sitecolor\"><\/div>\n<p>[\/vc_column_text][\/vc_column_inner][\/vc_row_inner][vc_row_inner king_class=\u00bbtd\u00bb][vc_column_inner el_class=\u00bbfirst rowfirst\u00bb width=\u00bb1\/5&#8243;][vc_column_text]Cuentas de correo[\/vc_column_text][\/vc_column_inner][vc_column_inner el_class=\u00bbrowsremain\u00bb width=\u00bb1\/5&#8243;][vc_column_text]Ilimitadas[\/vc_column_text][\/vc_column_inner][vc_column_inner el_class=\u00bbrowsremain\u00bb width=\u00bb1\/5&#8243;][vc_column_text]Ilimitadas[\/vc_column_text][\/vc_column_inner][vc_column_inner el_class=\u00bbrowsremain\u00bb width=\u00bb1\/5&#8243;][vc_column_text]Ilimitadas[\/vc_column_text][\/vc_column_inner][vc_column_inner el_class=\u00bbrowsremain\u00bb width=\u00bb1\/12&#8243;][vc_column_text]Ilimitadas[\/vc_column_text][\/vc_column_inner][\/vc_row_inner][vc_row_inner king_class=\u00bbth\u00bb][vc_column_inner el_class=\u00bbfirst rowfirst\u00bb width=\u00bb1\/5&#8243;][vc_column_text]Panel de control cPanel[\/vc_column_text][\/vc_column_inner][vc_column_inner el_class=\u00bbrowsremain\u00bb width=\u00bb1\/5&#8243;][vc_column_text]<\/p>\n<div class=\"fas fa-check sitecolor\"><\/div>\n<p>[\/vc_column_text][\/vc_column_inner][vc_column_inner el_class=\u00bbrowsremain\u00bb width=\u00bb1\/5&#8243;][vc_column_text]<\/p>\n<div class=\"fas fa-check sitecolor\"><\/div>\n<p>[\/vc_column_text][\/vc_column_inner][vc_column_inner el_class=\u00bbrowsremain last\u00bb width=\u00bb1\/5&#8243;][vc_column_text]<\/p>\n<div class=\"fas fa-check sitecolor\"><\/div>\n<p>[\/vc_column_text][\/vc_column_inner][vc_column_inner el_class=\u00bbrowsremain\u00bb width=\u00bb1\/12&#8243;][vc_column_text]<\/p>\n<div class=\"fas fa-check sitecolor\"><\/div>\n<p>[\/vc_column_text][\/vc_column_inner][\/vc_row_inner][vc_row_inner king_class=\u00bbtd\u00bb][vc_column_inner el_class=\u00bbfirst rowfirst\u00bb width=\u00bb1\/5&#8243;][vc_column_text]Soporte 24\/7\/365[\/vc_column_text][\/vc_column_inner][vc_column_inner el_class=\u00bbrowsremain\u00bb width=\u00bb1\/5&#8243;][vc_column_text]<\/p>\n<div class=\"fas fa-check sitecolor\"><\/div>\n<p>[\/vc_column_text][\/vc_column_inner][vc_column_inner el_class=\u00bbrowsremain\u00bb width=\u00bb1\/5&#8243;][vc_column_text]<\/p>\n<div class=\"fas fa-check sitecolor\"><\/div>\n<p>[\/vc_column_text][\/vc_column_inner][vc_column_inner el_class=\u00bbrowsremain last\u00bb width=\u00bb1\/5&#8243;][vc_column_text]<\/p>\n<div class=\"fas fa-check sitecolor\"><\/div>\n<p>[\/vc_column_text][\/vc_column_inner][vc_column_inner el_class=\u00bbrowsremain\u00bb width=\u00bb1\/12&#8243;][vc_column_text]<\/p>\n<div class=\"fas fa-check sitecolor\"><\/div>\n<p>[\/vc_column_text][\/vc_column_inner][\/vc_row_inner][vc_row_inner king_class=\u00bbth\u00bb][vc_column_inner el_class=\u00bbfirst rowfirst\u00bb width=\u00bb1\/5&#8243;][vc_column_text]N\u00famero de sitios Web[\/vc_column_text][\/vc_column_inner][vc_column_inner el_class=\u00bbrowsremain\u00bb width=\u00bb1\/5&#8243;][vc_column_text]M\u00faltiple[\/vc_column_text][\/vc_column_inner][vc_column_inner el_class=\u00bbrowsremain\u00bb width=\u00bb1\/5&#8243;][vc_column_text]M\u00faltiple[\/vc_column_text][\/vc_column_inner][vc_column_inner el_class=\u00bbrowsremain\u00bb width=\u00bb1\/5&#8243;][vc_column_text]M\u00fatiple[\/vc_column_text][\/vc_column_inner][vc_column_inner el_class=\u00bbrowsremain\u00bb width=\u00bb1\/5&#8243;][vc_column_text]M\u00faltiple[\/vc_column_text][\/vc_column_inner][\/vc_row_inner][vc_row_inner king_class=\u00bbtd\u00bb][vc_column_inner el_class=\u00bbfirst rowfirst\u00bb width=\u00bb1\/5&#8243;][vc_column_text]Certificado de seguridad SSL[\/vc_column_text][\/vc_column_inner][vc_column_inner el_class=\u00bbrowsremain\u00bb width=\u00bb1\/5&#8243;][vc_column_text]<\/p>\n<div class=\"fas fa-check sitecolor\"><\/div>\n<p>[\/vc_column_text][\/vc_column_inner][vc_column_inner el_class=\u00bbrowsremain\u00bb width=\u00bb1\/5&#8243;][vc_column_text]<\/p>\n<div class=\"fas fa-check sitecolor\"><\/div>\n<p>[\/vc_column_text][\/vc_column_inner][vc_column_inner el_class=\u00bbrowsremain last\u00bb width=\u00bb1\/5&#8243;][vc_column_text]<\/p>\n<div class=\"fas fa-check sitecolor\"><\/div>\n<p>[\/vc_column_text][\/vc_column_inner][vc_column_inner el_class=\u00bbrowsremain\u00bb width=\u00bb1\/12&#8243;][vc_column_text]<\/p>\n<div class=\"fas fa-check sitecolor\"><\/div>\n<p>[\/vc_column_text][\/vc_column_inner][\/vc_row_inner][vc_row_inner king_class=\u00bbtd\u00bb][vc_column_inner el_class=\u00bbfirst rowfirst\u00bb width=\u00bb1\/5&#8243;][vc_column_text]Respaldos diarios[\/vc_column_text][\/vc_column_inner][vc_column_inner el_class=\u00bbrowsremain\u00bb width=\u00bb1\/5&#8243;][vc_column_text]<\/p>\n<div class=\"fas fa-check sitecolor\"><\/div>\n<p>[\/vc_column_text][\/vc_column_inner][vc_column_inner el_class=\u00bbrowsremain\u00bb width=\u00bb1\/5&#8243;][vc_column_text]<\/p>\n<div class=\"fas fa-check sitecolor\"><\/div>\n<p>[\/vc_column_text][\/vc_column_inner][vc_column_inner el_class=\u00bbrowsremain\u00bb width=\u00bb1\/5&#8243;][vc_column_text]<\/p>\n<div class=\"fas fa-check sitecolor\"><\/div>\n<p>[\/vc_column_text][\/vc_column_inner][vc_column_inner el_class=\u00bbrowsremain\u00bb width=\u00bb1\/12&#8243;][vc_column_text]<\/p>\n<div class=\"fas fa-check sitecolor\"><\/div>\n<p>[\/vc_column_text][\/vc_column_inner][\/vc_row_inner][vc_row_inner king_class=\u00bbtd\u00bb][vc_column_inner el_class=\u00bbfirst rowfirst\u00bb width=\u00bb1\/5&#8243;][vc_column_text]Administrador phpMyAdmin[\/vc_column_text][\/vc_column_inner][vc_column_inner el_class=\u00bbrowsremain\u00bb width=\u00bb1\/5&#8243;][vc_column_text]<\/p>\n<div class=\"fas fa-check sitecolor\"><\/div>\n<p>[\/vc_column_text][\/vc_column_inner][vc_column_inner el_class=\u00bbrowsremain\u00bb width=\u00bb1\/5&#8243;][vc_column_text]<\/p>\n<div class=\"fas fa-check sitecolor\"><\/div>\n<p>[\/vc_column_text][\/vc_column_inner][vc_column_inner el_class=\u00bbrowsremain last\u00bb width=\u00bb1\/5&#8243;][vc_column_text]<\/p>\n<div class=\"fas fa-check sitecolor\"><\/div>\n<p>[\/vc_column_text][\/vc_column_inner][vc_column_inner el_class=\u00bbrowsremain\u00bb width=\u00bb1\/12&#8243;][vc_column_text]<\/p>\n<div class=\"fas fa-check sitecolor\"><\/div>\n<p>[\/vc_column_text][\/vc_column_inner][\/vc_row_inner][vc_row_inner king_class=\u00bbth\u00bb][vc_column_inner el_class=\u00bbfirst rowfirst\u00bb width=\u00bb1\/5&#8243;][vc_column_text]Acceso a estad\u00edsticas[\/vc_column_text][\/vc_column_inner][vc_column_inner el_class=\u00bbrowsremain\u00bb width=\u00bb1\/5&#8243;][vc_column_text]<\/p>\n<div class=\"fas fa-check sitecolor\"><\/div>\n<p>[\/vc_column_text][\/vc_column_inner][vc_column_inner el_class=\u00bbrowsremain\u00bb width=\u00bb1\/5&#8243;][vc_column_text]<\/p>\n<div class=\"fas fa-check sitecolor\"><\/div>\n<p>[\/vc_column_text][\/vc_column_inner][vc_column_inner el_class=\u00bbrowsremain last\u00bb width=\u00bb1\/5&#8243;][vc_column_text]<\/p>\n<div class=\"fas fa-check sitecolor\"><\/div>\n<p>[\/vc_column_text][\/vc_column_inner][vc_column_inner el_class=\u00bbrowsremain\u00bb width=\u00bb1\/12&#8243;][vc_column_text]<\/p>\n<div class=\"fas fa-check sitecolor\"><\/div>\n<p>[\/vc_column_text][\/vc_column_inner][\/vc_row_inner][vc_row_inner king_class=\u00bbtd\u00bb][vc_column_inner el_class=\u00bbfirst rowfirst\u00bb width=\u00bb1\/5&#8243;][vc_column_text]30 d\u00edas de garant\u00eda de devoluci\u00f3n de dinero[\/vc_column_text][\/vc_column_inner][vc_column_inner el_class=\u00bbrowsremain\u00bb width=\u00bb1\/5&#8243;][vc_column_text]<\/p>\n<div class=\"fas fa-check sitecolor\"><\/div>\n<p>[\/vc_column_text][\/vc_column_inner][vc_column_inner el_class=\u00bbrowsremain\u00bb width=\u00bb1\/5&#8243;][vc_column_text]<\/p>\n<div class=\"fas fa-check sitecolor\"><\/div>\n<p>[\/vc_column_text][\/vc_column_inner][vc_column_inner el_class=\u00bbrowsremain last\u00bb width=\u00bb1\/5&#8243;][vc_column_text]<\/p>\n<div class=\"fas fa-check sitecolor\"><\/div>\n<p>[\/vc_column_text][\/vc_column_inner][vc_column_inner el_class=\u00bbrowsremain\u00bb width=\u00bb1\/12&#8243;][vc_column_text]<\/p>\n<div class=\"fas fa-check sitecolor\"><\/div>\n<p>[\/vc_column_text][\/vc_column_inner][\/vc_row_inner][vc_row_inner king_class=\u00bbfirst-row\u00bb][vc_column_inner el_class=\u00bbfirst rowfirst\u00bb el_animate=\u00bbanimated eff-fadeIn\u00bb width=\u00bb1\/5&#8243; el_delay=\u00bb200&#8243;]<br \/>\n[\/vc_column_inner][vc_column_inner el_class=\u00bbrowsremain\u00bb el_animate=\u00bbanimated eff-fadeIn\u00bb width=\u00bb1\/5&#8243; el_delay=\u00bb300&#8243;][vc_column_text el_class=\u00bbprices\u00bb]<strong>$3,600<\/strong><strong><i>\/Anual<\/i><\/strong><\/p>\n<p><a href=\"https:\/\/ibizmexico.com.mx\/clientes\/store\/hopedaje-web\">Adquirir<\/a>[\/vc_column_text][\/vc_column_inner][vc_column_inner el_class=\u00bbrowsremain first-row center\u00bb el_animate=\u00bbanimated eff-fadeIn\u00bb width=\u00bb1\/5&#8243; el_delay=\u00bb400&#8243;][vc_column_text el_class=\u00bbprices\u00bb]<strong>$4,800<\/strong><strong><i>\/Anual<\/i><\/strong><\/p>\n<p><a href=\"https:\/\/ibizmexico.com.mx\/clientes\/store\/hopedaje-web\">Adquirir<\/a>[\/vc_column_text][\/vc_column_inner][vc_column_inner el_class=\u00bbrowsremain last\u00bb el_animate=\u00bbanimated eff-fadeIn\u00bb width=\u00bb1\/5&#8243; el_delay=\u00bb500&#8243;][vc_column_text el_class=\u00bbprices\u00bb]<strong>$6,000<\/strong><strong><i>\/Anual<\/i><\/strong><\/p>\n<p><a href=\"https:\/\/ibizmexico.com.mx\/clientes\/store\/hopedaje-web\">Adquirir<\/a>[\/vc_column_text][\/vc_column_inner][vc_column_inner el_class=\u00bbrowsremain first-row last\u00bb el_animate=\u00bbanimated eff-fadeIn\u00bb width=\u00bb1\/12&#8243; el_delay=\u00bb600&#8243;][vc_column_text el_class=\u00bbprices\u00bb]<strong>$12,000<\/strong><strong><i>\/Anual<\/i><\/strong><\/p>\n<p><a href=\"https:\/\/ibizmexico.com.mx\/clientes\/store\/hopedaje-web\">Adquirir<\/a>[\/vc_column_text][\/vc_column_inner][\/vc_row_inner][\/vc_column][\/vc_row][vc_row][vc_column]<h5>-Todos los precios se encuentran en pesos mexicanos. IVA no incluido, se ver\u00e1 reflejado al procesar la compra.<\/h5>[\/vc_column][\/vc_row][vc_row king_class=\u00bbfeature_section1&#8243;][vc_column]<h5 class=\"caps\"><strong>\u00bfQu\u00e9 hace de nuestros planes de hospedaje el mejor?<\/strong><\/h5><div class=\"clearfix margin_top3\"><\/div>[vc_row_inner][vc_column_inner el_class=\u00bbone_third\u00bb el_animate=\u00bbanimated eff-fadeIn\u00bb width=\u00bb1\/3&#8243; el_delay=\u00bb250&#8243;]\n\t\t<div class=\"king-elements \">\n\t\t\t<div class=\"king-elements-inner\">\n        \t<i class=\"fas fa-spinner element-icon \"><\/i><h4 class=\"light\">Actualizaciones autom\u00e1ticas<\/h4>\n<p>Actualizamos el n\u00facleo y los complementos de WordPress para mantener su sitio protegido.<\/p>\t\t\t<\/div>\n        <\/div>\n\n\t<div class=\"clearfix margin_top5\"><\/div>\n\t\t<div class=\"king-elements \">\n\t\t\t<div class=\"king-elements-inner\">\n        \t<i class=\"fas fa-lock element-icon \"><\/i><h4 class=\"light\">Aislamiento de cuenta<\/h4>\n<p>\nSu sitio web estar\u00e1 seguro incluso si hay cuentas vulnerables.<\/p>\t\t\t<\/div>\n        <\/div>\n\n\t<div class=\"clearfix margin_top5\"><\/div>\n\t\t<div class=\"king-elements \">\n\t\t\t<div class=\"king-elements-inner\">\n        \t<i class=\"fas fa-tachometer-alt element-icon \"><\/i><h4 class=\"light\">\nSoftware optimizado<\/h4>\n<p>Todo el software que instalamos en nuestras m\u00e1quinas est\u00e1 optimizado para la velocidad.<\/p>\t\t\t<\/div>\n        <\/div>\n\n\t[\/vc_column_inner][vc_column_inner el_class=\u00bbone_third\u00bb el_animate=\u00bbanimated eff-fadeIn\u00bb width=\u00bb1\/3&#8243; el_delay=\u00bb350&#8243;]\n\t\t<div class=\"king-elements \">\n\t\t\t<div class=\"king-elements-inner\">\n        \t<i class=\"fas fa-archive element-icon \"><\/i><h4 class=\"light\">\nCopias de seguridad diarias<\/h4>\n<p>Mantenemos hasta 30 copias de seguridad diarias de su sitio de WordPress.<\/p>\t\t\t<\/div>\n        <\/div>\n\n\t<div class=\"clearfix margin_top5\"><\/div>\n\t\t<div class=\"king-elements \">\n\t\t\t<div class=\"king-elements-inner\">\n        \t<i class=\"fas fa-envelope element-icon \"><\/i><h4 class=\"light\">Direcciones de correo electr\u00f3nico ilimitadas<\/h4>\n<p>\u00a1Crea tantas direcciones de correo electr\u00f3nico y reenvia correo electr\u00f3nico como necesites!<\/p>\t\t\t<\/div>\n        <\/div>\n\n\t<div class=\"clearfix margin_top5\"><\/div>\n\t\t<div class=\"king-elements \">\n\t\t\t<div class=\"king-elements-inner\">\n        \t<i class=\" fas fa-bug  element-icon \"><\/i><h4 class=\"light\">protecci\u00f3n de Malware<\/h4>\n<p>Almacene en cach\u00e9 el contenido y filtre el tr\u00e1fico malicioso antes de que llegue al servidor.<\/p>\t\t\t<\/div>\n        <\/div>\n\n\t[\/vc_column_inner][vc_column_inner el_class=\u00bbone_third last\u00bb el_animate=\u00bbanimated eff-fadeIn\u00bb width=\u00bb1\/3&#8243; el_delay=\u00bb450&#8243;]\n\t\t<div class=\"king-elements \">\n\t\t\t<div class=\"king-elements-inner\">\n        \t<i class=\"fas fa-bars element-icon \"><\/i><h4 class=\"light\">Protecci\u00f3n a nivel de servidor<\/h4>\n<p>Si aparece una vulnerabilidad importante, desarrollamos y aplicamos correcciones a nivel de servidor.<\/p>\t\t\t<\/div>\n        <\/div>\n\n\t<div class=\"clearfix margin_top5\"><\/div>\n\t\t<div class=\"king-elements \">\n\t\t\t<div class=\"king-elements-inner\">\n        \t<i class=\"fas fa-briefcase element-icon \"><\/i><h4 class=\"light\">Soporte gratuito 24 \u00d7 7\/365<\/h4>\n<p>\nPuede comunicarse con nuestro equipo en cualquier momento, de d\u00eda o de noche.<\/p>\t\t\t<\/div>\n        <\/div>\n\n\t<div class=\"clearfix margin_top5\"><\/div>\n\t\t<div class=\"king-elements \">\n\t\t\t<div class=\"king-elements-inner\">\n        \t<i class=\"far fa-thumbs-up element-icon \"><\/i><h4 class=\"light\">\n30 d\u00edas de garant\u00eda de devoluci\u00f3n de dinero<\/h4>\n<p>Si no est\u00e1 completamente satisfecho, simplemente cancele dentro de los primeros 30 d\u00edas.<\/p>\t\t\t<\/div>\n        <\/div>\n\n\t[\/vc_column_inner][\/vc_row_inner][\/vc_column][\/vc_row]<\/p>\n","protected":false},"excerpt":{"rendered":"<p>[vc_row king_class=\u00bbprice_compare\u00bb king_class_container=\u00bbtable-wrapper\u00bb][vc_column][vc_row_inner king_class=\u00bbplan\u00bb king_class_container=\u00bbcontainer\u00bb][vc_column_inner el_class=\u00bbonecol_sixty\u00bb el_animate=\u00bbanimated eff-fadeInUp\u00bb width=\u00bb1\/2&#8243; el_delay=\u00bb200&#8243;][vc_column_text] &#8211; Nombre de dominio gratuito &#8211; Espacio web ilimitado &#8211; Certificado SSL gratuito &#8211; Cuentas FTP ilimitadas [\/vc_column_text][\/vc_column_inner][vc_column_inner el_class=\u00bbonecol_forty last\u00bb el_animate=\u00bbanimated eff-fadeInUp\u00bb width=\u00bb1\/2&#8243; el_delay=\u00bb350&#8243;][vc_single_image image=\u00bb1523&#8243; img_size=\u00bbfull\u00bb retina=\u00bbyes\u00bb size=\u00bbfull\u00bb][\/vc_column_inner][\/vc_row_inner][vc_row_inner][vc_column_inner el_class=\u00bbfirst rowfirst first-row\u00bb el_animate=\u00bbanimated eff-fadeIn\u00bb width=\u00bb1\/5&#8243; el_delay=\u00bb200&#8243;][vc_column_text el_class=\u00bbtitle\u00bb] Todas Las Funciones De Hospedaje [\/vc_column_text][\/vc_column_inner][vc_column_inner el_class=\u00bbrowsremain first-row\u00bb el_animate=\u00bbanimated [&hellip;]<\/p>\n","protected":false},"author":1,"featured_media":0,"parent":0,"menu_order":0,"comment_status":"closed","ping_status":"closed","template":"templates\/page-full.php","meta":{"footnotes":""},"class_list":["post-1569","page","type-page","status-publish","hentry"],"_links":{"self":[{"href":"https:\/\/ibizmexico.com.mx\/web\/wp-json\/wp\/v2\/pages\/1569","targetHints":{"allow":["GET"]}}],"collection":[{"href":"https:\/\/ibizmexico.com.mx\/web\/wp-json\/wp\/v2\/pages"}],"about":[{"href":"https:\/\/ibizmexico.com.mx\/web\/wp-json\/wp\/v2\/types\/page"}],"author":[{"embeddable":true,"href":"https:\/\/ibizmexico.com.mx\/web\/wp-json\/wp\/v2\/users\/1"}],"replies":[{"embeddable":true,"href":"https:\/\/ibizmexico.com.mx\/web\/wp-json\/wp\/v2\/comments?post=1569"}],"version-history":[{"count":175,"href":"https:\/\/ibizmexico.com.mx\/web\/wp-json\/wp\/v2\/pages\/1569\/revisions"}],"predecessor-version":[{"id":2525,"href":"https:\/\/ibizmexico.com.mx\/web\/wp-json\/wp\/v2\/pages\/1569\/revisions\/2525"}],"wp:attachment":[{"href":"https:\/\/ibizmexico.com.mx\/web\/wp-json\/wp\/v2\/media?parent=1569"}],"curies":[{"name":"wp","href":"https:\/\/api.w.org\/{rel}","templated":true}]}}