{"id":318,"date":"2019-04-10T08:20:12","date_gmt":"2019-04-10T08:20:12","guid":{"rendered":"http:\/\/arkahost.com\/?page_id=318"},"modified":"2021-07-13T17:52:44","modified_gmt":"2021-07-13T17:52:44","slug":"quienes-somos","status":"publish","type":"page","link":"https:\/\/ibizmexico.com.mx\/web\/quienes-somos\/","title":{"rendered":"Qui\u00e9nes Somos?"},"content":{"rendered":"<p>[vc_row][vc_column]<div class=\"clearfix margin_top7\"><\/div>[\/vc_column][\/vc_row][vc_row][vc_column el_animate=\u00bbanimated eff-fadeInLeft\u00bb el_delay=\u00bb200&#8243;]<div class=\"alicent\"><h2 class=\"light\"><strong>IbizMexico <\/strong> \nes una empresa comercializadora de Hosting, Dominios, Dise\u00f1o y Publicidad, que cuenta con 5 servidores, que son administrados con la m\u00e1xima seguridad y confiabilidad por una importante compa\u00f1\u00eda en Estados Unidos, dedicada exclusivamente a la administraci\u00f3n de SERVIDORES en San Diego California.\n\nContando con datacenter especializados y una infraestructura de 20,000 pies cuadrados, adem\u00e1s de un equipo de soporte t\u00e9cnico que monitorea su funcionamiento las 24 hrs. del d\u00eda los 365 d\u00edas del a\u00f1o.<\/h2><\/div>[\/vc_column][\/vc_row][vc_row][vc_column]<div class=\"clearfix margin_top3\"><\/div>[\/vc_column][\/vc_row][vc_row king_class=\u00bbfeature_section4 sty2&#8243;][vc_column el_animate=\u00bbanimated eff-fadeInLeft\u00bb width=\u00bb1\/3&#8243; el_class=\u00bbleft\u00bb el_delay=\u00bb300&#8243;][vc_column_text]<strong>100000+ <em>Nombres de Dominio Registrados<\/em><\/strong>[\/vc_column_text][\/vc_column][vc_column el_animate=\u00bbanimated eff-fadeInDown\u00bb width=\u00bb1\/3&#8243; el_class=\u00bbcenter\u00bb el_delay=\u00bb250&#8243;][vc_column_text]<strong>90000+ <em>P\u00e1ginas Web Hospedadas<\/em><\/strong>[\/vc_column_text][\/vc_column][vc_column el_animate=\u00bbanimated eff-fadeInRight\u00bb width=\u00bb1\/3&#8243; el_class=\u00bbright\u00bb el_delay=\u00bb300&#8243;][vc_column_text]<strong>45000+ <em>Clientes<\/em><\/strong>[\/vc_column_text][\/vc_column][\/vc_row][vc_row][vc_column]<div class=\"clearfix margin_top8\"><\/div>[\/vc_column][\/vc_row][vc_row king_class=\u00bbalicent\u00bb][vc_column el_animate=\u00bbanimated eff-zoomIn\u00bb el_delay=\u00bb400&#8243;]<h2 class=\"caps\"><strong>\n\u00bfPorqu\u00e9 Elegirnos?\n<\/strong><\/h2><div class=\"clearfix margin_top5\"><\/div>[vc_row_inner king_class_container=\u00bbpop-wrapper\u00bb][vc_column_inner width=\u00bb1\/6&#8243;]\n\t\t<div class=\"king-elements \">\n\t\t\t<div class=\"king-elements-inner\">\n        \t<img decoding=\"async\"  src=\"https:\/\/ibizmexico.com.mx\/web\/wp-content\/uploads\/2019\/03\/icon-15.png\" class=\"element-icon \" alt=\"\"\/><h6>\n\tFiabilidad, velocidad y seguridad\n<\/h6>\n<span>\n\tLorem ipsum many web sites still in infancy versions have evolved over the years.\n<\/span>\t\t\t<\/div>\n        <\/div>\n\n\t[\/vc_column_inner][vc_column_inner width=\u00bb1\/6&#8243;]\n\t\t<div class=\"king-elements \">\n\t\t\t<div class=\"king-elements-inner\">\n        \t<img decoding=\"async\"  src=\"https:\/\/ibizmexico.com.mx\/web\/wp-content\/uploads\/2019\/03\/icon-8.png\" class=\"element-icon \" alt=\"\"\/><h6>\n\tDise\u00f1o a tu Medida\n<\/h6>\n<span>\n\tLorem ipsum many web sites still in infancy versions have evolved over the years.\n<\/span>\t\t\t<\/div>\n        <\/div>\n\n\t[\/vc_column_inner][vc_column_inner width=\u00bb1\/6&#8243;]\n\t\t<div class=\"king-elements \">\n\t\t\t<div class=\"king-elements-inner\">\n        \t<img decoding=\"async\"  src=\"https:\/\/ibizmexico.com.mx\/web\/wp-content\/uploads\/2019\/03\/icon-9.png\" class=\"element-icon \" alt=\"\"\/><h6>\n\tBase de conocimientos\n<\/h6>\n<span>\n\tLorem ipsum many web sites still in infancy versions have evolved over the years.\n<\/span>\t\t\t<\/div>\n        <\/div>\n\n\t[\/vc_column_inner][vc_column_inner width=\u00bb1\/6&#8243;]\n\t\t<div class=\"king-elements \">\n\t\t\t<div class=\"king-elements-inner\">\n        \t<img decoding=\"async\"  src=\"https:\/\/ibizmexico.com.mx\/web\/wp-content\/uploads\/2019\/03\/icon-26.png\" class=\"element-icon \" alt=\"\"\/><h6>\n\tHerramientas y Aplicaciones Web Gratuitas\n<\/h6>\n<span>\n\tLorem ipsum many web sites still in infancy versions have evolved over the years.\n<\/span>\t\t\t<\/div>\n        <\/div>\n\n\t[\/vc_column_inner][vc_column_inner width=\u00bb1\/6&#8243;]\n\t\t<div class=\"king-elements \">\n\t\t\t<div class=\"king-elements-inner\">\n        \t<img decoding=\"async\"  src=\"https:\/\/ibizmexico.com.mx\/web\/wp-content\/uploads\/2019\/03\/icon-18.png\" class=\"element-icon \" alt=\"\"\/><h6>\n\tSoporte 24\/7\n<\/h6>\n<span>\n\tLorem ipsum many web sites still in infancy versions have evolved over the years.\n<\/span>\t\t\t<\/div>\n        <\/div>\n\n\t[\/vc_column_inner][vc_column_inner width=\u00bb1\/6&#8243;]\n\t\t<div class=\"king-elements \">\n\t\t\t<div class=\"king-elements-inner\">\n        \t<img decoding=\"async\"  src=\"https:\/\/ibizmexico.com.mx\/web\/wp-content\/uploads\/2019\/03\/icon-27.png\" class=\"element-icon \" alt=\"\"\/><h6>\n\tActualizaciones gratuitas de por vida\n<\/h6>\n<span>\n\tLorem ipsum many web sites still in infancy versions have evolved over the years.\n<\/span>\t\t\t<\/div>\n        <\/div>\n\n\t[\/vc_column_inner][\/vc_row_inner]<div class=\"clearfix margin_top7\"><\/div>[\/vc_column][\/vc_row]<\/p>\n","protected":false},"excerpt":{"rendered":"<p>[vc_row][vc_column][\/vc_column][\/vc_row][vc_row][vc_column el_animate=\u00bbanimated eff-fadeInLeft\u00bb el_delay=\u00bb200&#8243;][\/vc_column][\/vc_row][vc_row][vc_column][\/vc_column][\/vc_row][vc_row king_class=\u00bbfeature_section4 sty2&#8243;][vc_column el_animate=\u00bbanimated eff-fadeInLeft\u00bb width=\u00bb1\/3&#8243; el_class=\u00bbleft\u00bb el_delay=\u00bb300&#8243;][vc_column_text]100000+ Nombres de Dominio Registrados[\/vc_column_text][\/vc_column][vc_column el_animate=\u00bbanimated eff-fadeInDown\u00bb width=\u00bb1\/3&#8243; el_class=\u00bbcenter\u00bb el_delay=\u00bb250&#8243;][vc_column_text]90000+ P\u00e1ginas Web Hospedadas[\/vc_column_text][\/vc_column][vc_column el_animate=\u00bbanimated eff-fadeInRight\u00bb width=\u00bb1\/3&#8243; el_class=\u00bbright\u00bb el_delay=\u00bb300&#8243;][vc_column_text]45000+ Clientes[\/vc_column_text][\/vc_column][\/vc_row][vc_row][vc_column][\/vc_column][\/vc_row][vc_row king_class=\u00bbalicent\u00bb][vc_column el_animate=\u00bbanimated eff-zoomIn\u00bb el_delay=\u00bb400&#8243;][vc_row_inner king_class_container=\u00bbpop-wrapper\u00bb][vc_column_inner width=\u00bb1\/6&#8243;][\/vc_column_inner][vc_column_inner width=\u00bb1\/6&#8243;][\/vc_column_inner][vc_column_inner width=\u00bb1\/6&#8243;][\/vc_column_inner][vc_column_inner width=\u00bb1\/6&#8243;][\/vc_column_inner][vc_column_inner width=\u00bb1\/6&#8243;][\/vc_column_inner][vc_column_inner width=\u00bb1\/6&#8243;][\/vc_column_inner][\/vc_row_inner][\/vc_column][\/vc_row]<\/p>\n","protected":false},"author":1,"featured_media":0,"parent":0,"menu_order":0,"comment_status":"closed","ping_status":"closed","template":"templates\/page-full.php","meta":{"footnotes":""},"class_list":["post-318","page","type-page","status-publish","hentry"],"_links":{"self":[{"href":"https:\/\/ibizmexico.com.mx\/web\/wp-json\/wp\/v2\/pages\/318","targetHints":{"allow":["GET"]}}],"collection":[{"href":"https:\/\/ibizmexico.com.mx\/web\/wp-json\/wp\/v2\/pages"}],"about":[{"href":"https:\/\/ibizmexico.com.mx\/web\/wp-json\/wp\/v2\/types\/page"}],"author":[{"embeddable":true,"href":"https:\/\/ibizmexico.com.mx\/web\/wp-json\/wp\/v2\/users\/1"}],"replies":[{"embeddable":true,"href":"https:\/\/ibizmexico.com.mx\/web\/wp-json\/wp\/v2\/comments?post=318"}],"version-history":[{"count":11,"href":"https:\/\/ibizmexico.com.mx\/web\/wp-json\/wp\/v2\/pages\/318\/revisions"}],"predecessor-version":[{"id":2484,"href":"https:\/\/ibizmexico.com.mx\/web\/wp-json\/wp\/v2\/pages\/318\/revisions\/2484"}],"wp:attachment":[{"href":"https:\/\/ibizmexico.com.mx\/web\/wp-json\/wp\/v2\/media?parent=318"}],"curies":[{"name":"wp","href":"https:\/\/api.w.org\/{rel}","templated":true}]}}