{"id":322,"date":"2019-04-10T08:20:46","date_gmt":"2019-04-10T08:20:46","guid":{"rendered":"http:\/\/arkahost.com\/?page_id=322"},"modified":"2021-03-08T19:06:21","modified_gmt":"2021-03-08T19:06:21","slug":"internet-marketing","status":"publish","type":"page","link":"https:\/\/ibizmexico.com.mx\/web\/internet-marketing\/","title":{"rendered":"Internet Marketing"},"content":{"rendered":"<p>[vc_row][vc_column]<div class=\"clearfix margin_top7\"><\/div>[\/vc_column][\/vc_row][vc_row][vc_column el_animate=\u00bbanimated eff-fadeIn\u00bb width=\u00bb1\/2&#8243; el_class=\u00bbone_half\u00bb el_delay=\u00bb250&#8243;]<h3 class=\"light\">-EL INTERNET COMO M\u00c1XIMA HERRAMIENTA DE MERCADOTECNIA.<\/h3>[vc_column_text]<\/p>\n<p style=\"font-weight: 400;\">El incremento de habitantes en el mundo que tienen acceso a Internet, con una gran variedad de gustos y necesidades ha hecho del Internet la m\u00e1xima herramienta de la mercadotecnia.<\/p>\n<p style=\"font-weight: 400;\">Teniendo como fin, convertirse en una plataforma de colaboraci\u00f3n, el Internet, tiene\u00a0 como caracter\u00edstica facilitar a los usuarios la adopci\u00f3n de sus servicios y si a esto le\u00a0 sumamos que este medio en particular es el que promueve\u00a0 la creaci\u00f3n y distribuci\u00f3n de\u00a0 contenido libre,\u00a0 hasta donde el usuario\u00a0 o creador quiera compartir. Nos da como\u00a0 resultado millones de clientes potenciales.<\/p>\n<p style=\"font-weight: 400;\">-EL SITIO WEB SOLO ES EL PRIMER PASO<\/p>\n<p style=\"font-weight: 400;\">Al igual que la publicidad en televisi\u00f3n, los consumidores reciben los mensajes\u00a0 promoci\u00f3nales, no solo de los comerciales, sino de otras estrategias y campa\u00f1as\u00a0 integradas, en programas de televisi\u00f3n, pel\u00edculas o concursos.<\/p>\n<p style=\"font-weight: 400;\">Las ventajas del Internet, van mas all\u00e1 de tener un sitio Web, y las estrategias\u00a0 publicitarias pueden llegar a alcanzar una mayor cantidad de promoci\u00f3n que la\u00a0 televisi\u00f3n, gracias a que los usuarios de Internet no son solo espectadores del mismo y\u00a0 adem\u00e1s, esta audiencia tiene presencia a nivel mundial.<\/p>\n<p style=\"font-weight: 400;\">El Internet ha crecido aceleradamente gracias a la diversidad de temas, herramientas,\u00a0 informaci\u00f3n y comunicaci\u00f3n creada por el gusto del \u00ednter nautas, a veces inconciente, de comunicarse y manifestarse.<\/p>\n<p style=\"font-weight: 400;\">Son todos estos millones de candidatos quienes escriben de forma constante y gratuita comentarios preventivos del producto que vas a comprar, el resumen de la pel\u00edcula que quieres ver, consejos y opiniones, todas estas cosas escritas desde sus blogs o espacios personales que en teor\u00eda a nadie mas le interesa, pero termina conquist\u00e1ndonos a todos.<\/p>\n<p style=\"font-weight: 400;\">-MAS QUE POSISIONAMIENTO DE SITIO, POSICIONAMIENTO DE PRODUCTO<\/p>\n<p style=\"font-weight: 400;\">La presencia de marcas en el mercado, funciona acostumbrando al consumidor a pensar en el nombre de la marca como nombre del producto. Esto, puede resultar una tarea dif\u00edcil, debido a la competitividad en el mercado. Pero acaso \u00bfha pensado la importancia y beneficios que traer\u00eda a su empresa dar a conocer su marca al mayor n\u00famero de personas posibles? Quiz\u00e1s en la manera como lo haga, har\u00e1 la diferencia.<\/p>\n<p style=\"font-weight: 400;\">Ahora piense la importancia de que su empresa camine al mismo paso en que avanza una parte importante del desarrollo social, como es el Internet.<\/p>\n<p>[\/vc_column_text][\/vc_column][vc_column el_animate=\u00bbanimated eff-fadeIn\u00bb width=\u00bb1\/2&#8243; el_class=\u00bbone_half last\u00bb el_delay=\u00bb250&#8243;]\n\t\t<h5>Dise\u00f1o del sitio Web<\/h5>\n        <div class=\"ui-progress-bar ui-progress-bar1 king-progress-bar ui-container \">\n       \t\t<div class=\"ui-progress ui-progress1\"  style=\"border-bottom: 10px solid #8abfed;\">\n       \t\t\t<span class=\"ui-label\">\n       \t\t\t\t<b class=\"value\">80%<\/b>\n       \t\t\t<\/span>\n       \t\t<\/div>\n        <\/div>\n\t\t<br \/>\n\n\t\t\n\t\t<h5>porcentaje<\/h5>\n        <div class=\"ui-progress-bar ui-progress-bar1 king-progress-bar ui-container \">\n       \t\t<div class=\"ui-progress ui-progress1\"  style=\"border-bottom: 10px solid #b192d0;\">\n       \t\t\t<span class=\"ui-label\">\n       \t\t\t\t<b class=\"value\">60%<\/b>\n       \t\t\t<\/span>\n       \t\t<\/div>\n        <\/div>\n\t\t<br \/>\n\n\t\t\n\t\t<h5>porcentaje<\/h5>\n        <div class=\"ui-progress-bar ui-progress-bar1 king-progress-bar ui-container \">\n       \t\t<div class=\"ui-progress ui-progress1\"  style=\"border-bottom: 10px solid #e7d18d;\">\n       \t\t\t<span class=\"ui-label\">\n       \t\t\t\t<b class=\"value\">40%<\/b>\n       \t\t\t<\/span>\n       \t\t<\/div>\n        <\/div>\n\t\t<br \/>\n\n\t\t\n\t\t<h5>Marketing<\/h5>\n        <div class=\"ui-progress-bar ui-progress-bar1 king-progress-bar ui-container \">\n       \t\t<div class=\"ui-progress ui-progress1\"  style=\"border-bottom: 10px solid #f39191;\">\n       \t\t\t<span class=\"ui-label\">\n       \t\t\t\t<b class=\"value\">95%<\/b>\n       \t\t\t<\/span>\n       \t\t<\/div>\n        <\/div>\n\t\t<br \/>\n\n\t\t<div class=\"clearfix margin_top8\"><\/div>[vc_column_text]<\/p>\n<h2>Para m\u00e1s informaci\u00f3n con respecto a nuestros planes y cotizaciones de Internet-Marketing<\/h2>\n<h2><span style=\"color: #3297b3;\"><a style=\"color: #3297b3;\" href=\"https:\/\/ibizmexico.com.mx\/web\/servicios\/contact\/\">Comuniquese con nosotros&#8230;<\/a><\/span><\/h2>\n<p>[\/vc_column_text][\/vc_column][\/vc_row]<\/p>\n","protected":false},"excerpt":{"rendered":"<p>[vc_row][vc_column][\/vc_column][\/vc_row][vc_row][vc_column el_animate=\u00bbanimated eff-fadeIn\u00bb width=\u00bb1\/2&#8243; el_class=\u00bbone_half\u00bb el_delay=\u00bb250&#8243;][vc_column_text] El incremento de habitantes en el mundo que tienen acceso a Internet, con una gran variedad de gustos y necesidades ha hecho del Internet la m\u00e1xima herramienta de la mercadotecnia. Teniendo como fin, convertirse en una plataforma de colaboraci\u00f3n, el Internet, tiene\u00a0 como caracter\u00edstica facilitar a los usuarios la [&hellip;]<\/p>\n","protected":false},"author":1,"featured_media":0,"parent":0,"menu_order":0,"comment_status":"closed","ping_status":"closed","template":"templates\/page-full.php","meta":{"footnotes":""},"class_list":["post-322","page","type-page","status-publish","hentry"],"_links":{"self":[{"href":"https:\/\/ibizmexico.com.mx\/web\/wp-json\/wp\/v2\/pages\/322","targetHints":{"allow":["GET"]}}],"collection":[{"href":"https:\/\/ibizmexico.com.mx\/web\/wp-json\/wp\/v2\/pages"}],"about":[{"href":"https:\/\/ibizmexico.com.mx\/web\/wp-json\/wp\/v2\/types\/page"}],"author":[{"embeddable":true,"href":"https:\/\/ibizmexico.com.mx\/web\/wp-json\/wp\/v2\/users\/1"}],"replies":[{"embeddable":true,"href":"https:\/\/ibizmexico.com.mx\/web\/wp-json\/wp\/v2\/comments?post=322"}],"version-history":[{"count":12,"href":"https:\/\/ibizmexico.com.mx\/web\/wp-json\/wp\/v2\/pages\/322\/revisions"}],"predecessor-version":[{"id":2481,"href":"https:\/\/ibizmexico.com.mx\/web\/wp-json\/wp\/v2\/pages\/322\/revisions\/2481"}],"wp:attachment":[{"href":"https:\/\/ibizmexico.com.mx\/web\/wp-json\/wp\/v2\/media?parent=322"}],"curies":[{"name":"wp","href":"https:\/\/api.w.org\/{rel}","templated":true}]}}