{"id":806,"date":"2019-04-21T05:00:56","date_gmt":"2019-04-21T05:00:56","guid":{"rendered":"http:\/\/arkahost.com\/?page_id=806"},"modified":"2021-03-08T22:58:45","modified_gmt":"2021-03-08T22:58:45","slug":"terminos-condiciones","status":"publish","type":"page","link":"https:\/\/ibizmexico.com.mx\/web\/terminos-condiciones\/","title":{"rendered":"T\u00e9rminos y Condiciones"},"content":{"rendered":"<h2><\/h2>\n<p>Estos son los t\u00e9rminos y condiciones bajo las cuales IbizMexico proporciona todos los servicios de ventas Webhosting y Dominios. Estos T\u00e9rminos de Servicio act\u00faan como un acuerdo completamente obligatorio entre IbizMexico y cada uno de sus clientes.<\/p>\n<p>1. El Sistema de Hospedaje se localiza en el panel de control con la direcci\u00f3n: https:\/\/admin.paneldns.com. IbizMexico se comunicara principalmente con el cliente a trav\u00e9s del soporte t\u00e9cnico dentro del panel de control, messenger y\/o por correo electr\u00f3nico al contacto administrativo especificado por el Cliente dentro del Panel de Control. Informaci\u00f3n sobre cualquier acontecimiento o cambios que implican el servicio al Cliente o este acuerdo, ser\u00e1n considerados como entregados en el momento que tal informaci\u00f3n se publica en una ubicaci\u00f3n visible dentro del Panel de Control, o es enviada por correo electr\u00f3nico al Cliente.<\/p>\n<p>2. IbizMexico nunca vender\u00e1 ni revelara informaci\u00f3n de contacto del Cliente, ni revelar\u00e1 listas de Clientes a terceros, a menos que fuese requerido por la ley o espec\u00edficamente autorizado por el Cliente.<\/p>\n<p>3. Todos los clientes deben mantener su informaci\u00f3n de contacto actualizada dentro del Panel de Control. Si el Cliente no cumple con esta norma puede resultar en la suspensi\u00f3n del servicio. IbizMexico no es responsable de ninguna incapacidad por parte del Cliente de poder acceder o usar el Panel de Control.<\/p>\n<p>4. IbizMexico se reserva el derecho de negar o terminar el servicio a cualquiera, en cualquier momento al no respetar nuestras normas, inclusive, pero no limitado a la infracci\u00f3n de la P\u00f3liza de Uso Aceptable de IbizMexico. Si IbizMexico se viera obligado a terminar el servicio del Cliente por alguna otra raz\u00f3n, IbizMexico le entregar\u00e1 al Cliente un reembolso por el periodo de servicio pagado que reste. Bajo ninguna circunstancia IbizMexico ser\u00e1 responsable por da\u00f1os ocasionados como resultado de la terminaci\u00f3n del servicio.<\/p>\n<p>5. IbizMexico puede hacer cambios a estos T\u00e9rminos de Servicio en cualquier momento, y tales cambios surtir\u00e1n efecto treinta (30) d\u00edas de calendario despu\u00e9s de que la informaci\u00f3n sea dada al Cliente. Si el Cliente no est\u00e1 de acuerdo con estos T\u00e9rminos de Servicio, el Cliente debe discontinuar el uso del servicio inmediatamente y contactar a IbizMexico para la cancelaci\u00f3n de su cuenta.<\/p>\n<p>6. Los pagos son efectivos anualmente en el d\u00eda en que el Cliente se inscribi\u00f3, IbizMexico envi\u00e1 facturas por correo electr\u00f3nico aproximadamente siete (7) d\u00edas de calendario antes. Si el pago no es recibido antes de la fecha de vencimiento, la cuenta del Cliente ser\u00e1 suspendida. Las cuentas pueden ser borradas si han pasado ocho (8) o m\u00e1s d\u00edas de calendario en estado de suspensi\u00f3n. Las cuentas atrasadas en el pago del servicio pueden ser susceptibles a un inter\u00e9s con una tasa del 1.5% mensual.<\/p>\n<p>7. Un cargo por servicio de $30.00 aplica a todos los cheques devueltos, a cheques de cajero, o a los giros postales.<\/p>\n<p>8. Los cargos se facturan seg\u00fan la lista de precios actualmente vigente y mostrada dentro del Panel de Control. El cliente puede cancelar una cuenta o servicio en cualquier momento y se le garantiza recibir un reembolso por el tiempo restante del servicio que ya haya pagado.<\/p>\n<p>9. Si no se est\u00e1 de acuerdo con alguna factura o parte de la misma, dicha factura debe ser pagada en su totalidad antes de la fecha de vencimiento. Cualquier cr\u00e9dito derivado de tal desacuerdo ser\u00e1 aplicado a la factura del mes subsiguiente.<\/p>\n<p>10. IbizMexico puede modificar el precio de una cuenta o servicio en cualquier momento. Los aumentos surtir\u00e1n efecto treinta (30) d\u00edas de calendario despu\u00e9s de que la informaci\u00f3n haya sido proporcionada al Cliente. El Cliente puede cancelar la cuenta o servicio para evitar un aumento al precio.<\/p>\n<p>11. El ancho de banda se facturar\u00e1 seg\u00fan la Regla del 95%: todas las muestras de datos de un mes son ordenadas desde la m\u00e1s alta hasta la m\u00e1s baja, y el 5% de las muestras m\u00e1s altas son excluidas. La muestra m\u00e1s alta que queda es el n\u00famero de la regla del \u201c95%\u201d. Los datos restantes son utilizados para calcular la frecuencia del ancho de banda (si est\u00e1 por encima del nivel al que se encuentra suscrito) de ese mes.<\/p>\n<p>12. El Cliente es responsable de cumplir con las leyes federales, estatales y locales de los Estados Unidos Mexicanos (M\u00e9xico); as\u00ed como tambi\u00e9n las leyes aplicables de cualquier pa\u00eds en el cual el Cliente usa el Internet para poder comunicarse. El Cliente no puede participar ni sostener ninguna actividad ilegal a trav\u00e9s del uso del servicio. IbizMexico no controla el contenido del tr\u00e1fico de la red hacia o desde sus servicios o redes.<\/p>\n<p>13. Los servicios de IbizMexico se proporcionan tal y como son, y deben ser utilizados bajo cuenta y riesgo del Cliente. IbizMexico no brinda garant\u00edas de ning\u00fan tipo, expresadas ni implicadas. IbizMexico no es responsable por da\u00f1os de hardware o software, la p\u00e9rdida de datos, ni de cualquier otra p\u00e9rdida financiera o personal derivada del uso, o la inhabilidad de usar el servicio. Cualquier obligaci\u00f3n est\u00e1 limitada estrictamente a la cantidad de honorario(s) pagados por servicios prestados.<\/p>\n<p>14. El Cliente es responsable de todas las acciones tomadas por el uso del servicio. Como una condici\u00f3n del servicio, el Cliente accede a indemnizar y a no lastimar o los oficiales, empleados, agentes, accionistas, y socios de Domain Gurus de cualquier acci\u00f3n derivada del uso del servicio.<\/p>\n<p>15. Debido a la naturaleza insegura de gran parte del Internet global, IbizMexico sugiere fuertemente que los n\u00fameros de tarjeta de cr\u00e9dito u otra informaci\u00f3n personal nunca sea enviada a trav\u00e9s de correo electr\u00f3nico u otro servicio de internet, a menos que se use la inscripci\u00f3n adecuada. El Cliente es completamente responsable por la seguridad e integridad de sus propios servicios, incluyendo servidores de Internet. IbizMexico no ser\u00e1 responsable por cualquier tipo de problemas de seguridad que puedan ocurrir. El Cliente accede a indemnizar por completo y a no lastimar de ninguna manera legal o financiera a IbizMexico, como resultado de una infiltraci\u00f3n en la seguridad de los servicios del Cliente.<\/p>\n<p>16. Si cualquier parte de este acuerdo se encuentra en contradicci\u00f3n de las leyes federales, locales o del estado, las partes restantes estar\u00e1n en completa vigencia. Cualquier y todos los problemas sobre o como resultado de este acuerdo ser\u00e1n resueltos por las leyes y tribunales de Guadalajara Jalisco Mexico.<\/p>\n<p>17. Es importante que usted piense correctamente el nombre de su Dominio y Hosting que utilizar\u00e1, despu\u00e9s de contratado y activado NO se permiten hacer cambios de nombre.<\/p>\n<p>T\u00e9rminos y condiciones adicionales pueden ser aplicados a algunos servicio; estos t\u00e9rminos se especifican dentro del servicio listado en el Panel de Control. Si usted tiene cualquier pregunta sobre nuestros t\u00e9rminos, condiciones, y p\u00f3lizas, por favor llame a IbizMexico al +52 33 3496 5883.<\/p>\n<p>&nbsp;<\/p>\n<h2>P\u00d3LIZA DE USO ACEPTABLE<\/h2>\n<p>Esta P\u00f3liza de Uso Aceptable se ha formulado con las siguientes metas en mente:<\/p>\n<p>\u00b7 Asegurar la seguridad, confiabilidad y privacidad de la red y los sistemas de IbizMexico, y las redes y los sistemas de otros.<\/p>\n<p>\u00b7 Preservar el valor del Internet como un recurso de informaci\u00f3n y libre expresi\u00f3n.<\/p>\n<p>\u00b7 Preservar la privacidad y la seguridad de los usuarios del Internet.<\/p>\n<p>\u00b7 Desalentar las pr\u00e1cticas irresponsables que degradan la utilidad de los recursos de la red y as\u00ed el valor de los servicios del Internet.<\/p>\n<p>\u00b7 Evitar las situaciones que pueden hacer que IbizMexico incurra en responsabilidad legal.<\/p>\n<p>\u00b7 Mantener la imagen y la reputaci\u00f3n de IbizMexico como abastecedor responsable.<\/p>\n<p>Esta P\u00f3liza de Uso Aceptable en ning\u00fan momento cambia lo citado en los T\u00e9rminos de Servicio de IbizMexico.<\/p>\n<p>A) IbizMexico opera bajo una firme pol\u00edtica de \u00abning\u00fan Spam\u00bb. El envi\u00f3 de cualquier mensaje de correo electr\u00f3nico no solicitado desde, hacia o a trav\u00e9s de los servicios de IbizMexico puede resultar en la imposici\u00f3n de la responsabilidad civil contra el remitente, de acuerdo con el \u201cCalifornia Business &amp; Professions Code Section 17538.45\u201d Una copia de este c\u00f3digo se puede obtener en l\u00ednea: http:\/\/www.leginfo.ca.gov. Mensajes \u201cBulk\u201d no solicitados incluyen, pero no se limitan a, publicidad comercial, avisos informativos, y las \u00e1reas pol\u00edticas o religiosas.<\/p>\n<p>B) Las actividades siguientes est\u00e1n expresamente prohibidas, y pueden dar lugar a la suspensi\u00f3n o a la terminaci\u00f3n de la cuenta:<\/p>\n<p>1. Enviando el e-mail masivo no solicitado (Unsolicited Bulk Email, -UBE-) que anuncia un sitio web, cuenta de e-mail u otro servicio proporcionado por o a trav\u00e9s de IbizMexico.<\/p>\n<p>2. Haciendo los postings del USENET que anuncian un sitio web, cuenta de e-mail, u otro servicio proporcionado por o a trav\u00e9s de IbizMexico, a cualquier newsgroup que no permita espec\u00edficamente tales anuncios.<\/p>\n<p>3. Enviar UBE o hacer postings de anuncios al USENET (excepto donde sea permitido espec\u00edficamente por el newsgroup) de un servicio proporcionado por o a trav\u00e9s de IbizMexico.<\/p>\n<p>4. Hospedando sitios \u00abSpam-amistosos\u00bb del web, incluyendo sitios de spam de software.<\/p>\n<p>5. Molestias, ya sea por contenido, frecuencia, o el tama\u00f1o del e-mail o mensajes del USENET.<\/p>\n<p>6. Enviando E-mail a cualquier persona que no desee recibirlo. Si un recipiente pide parar de recibir el email, el Cliente debe dejar inmediatamente y permanentemente de enviar otro e-mail a este individuo.<\/p>\n<p>7. Reenviando o de otra manera propagando los correos en cadena o \u00abbromas de e-mail,\u00bb ya sea que el cliente quiera o no recibirlas, a menos que tal propagaci\u00f3n se solicite y en el contexto claro de descalificar y de desacreditar la cadena de correos\/bromas.<\/p>\n<p>8. Transmitiendo cualquier comunicaci\u00f3n electr\u00f3nica, incluyendo e-mail, usando el nombre o la direcci\u00f3n de otra persona u organizaci\u00f3n, con los prop\u00f3sitos del enga\u00f1o.<\/p>\n<p>9. Personificando a otro individuo por medio de alterar la informaci\u00f3n de la direcci\u00f3n IP de la fuente, o cambiar los encabezados del e-mail\/Usenet o alguna otra informaci\u00f3n que sirve de identificaci\u00f3n.<\/p>\n<p>10. Cualquier intento fraudulento de encubrir, de cambiar, o de falsificar de otra manera su identidad en conexi\u00f3n con el uso del servicio.<\/p>\n<p>11. Cualquier uso del servidor de correo electr\u00f3nico de terceros para retransmitir e-mail sin el permiso expreso.<\/p>\n<p>12. Recolectando respuestas a mensajes enviados de otro Proveedor de Servicios de Internet, donde esos mensajes violan esta P\u00f3liza de Uso Aceptable o cualquier pol\u00edtica aplicable del otro abastecedor.<\/p>\n<p>13. La negaci\u00f3n del servicio, incluyendo, pero no limitado a, cualquier forma de \u201cpacket flooding\u201d del Internet, corrupci\u00f3n del paquete, o ataque abusivo con la intenci\u00f3n de afectar el funcionamiento apropiado de los servidores o de los servicios de Internet de cualquier empresa.<\/p>\n<p>14. Usando la red de IbizMexico, servicios, o sistemas para almacenar o para enviar contenido que es ilegal seg\u00fan las leyes de los Estados Unidos de Am\u00e9rica, el estado de California, la ciudad de San Diego, o cualquier tratado internacional respetado por los Estados Unidos de Am\u00e9rica, no es permitido por ninguna raz\u00f3n.<\/p>\n<p>Almacenar o enviar cualquier material juzgado ilegal o inadecuado para nuestras redes, incluyendo pero no limitado a material relacionado con la pornograf\u00eda de ni\u00f1os, software o m\u00fasica pirateados, todos los materiales relacionados con Spam incluyendo listas de e-mail, son argumentos para la terminaci\u00f3n inmediata. Observe tambi\u00e9n que cualquier material relacionado con pornograf\u00eda de ni\u00f1os, ya sea que este determinado si es legal o no. Esto incluye pornograf\u00eda de ni\u00f1os simulada, pornograf\u00eda de ni\u00f1os no desnudos, o los sitios que tengan v\u00ednculos a tal material. Las ofensas de esta naturaleza ser\u00e1n divulgadas a las autoridades federales y procesadas al grado m\u00e1s completo de la ley.<\/p>\n<p>15. Usando o almacenando cualquier tipo de software que esta dise\u00f1ado para o es probable que abuse, o impacte negativamente el servicio de Internet, incluyendo pero no limitado a, los portscanners, herramientas de hacking, los programas de \u201cping flooding\u201d, explotadores de securidad\/root, los \u201cpacket sniffers\u201d, y software pirateado.<\/p>\n<p>16. Modificando, cambiando, u obscureciendo la(s) direcci\u00f3n(es) MAC (Media Access Control) o IP (Internet Protocol) de servidores o de servicios. El hacer tal cosa se puede considerar como una causa para la suspensi\u00f3n o la terminaci\u00f3n del servicio.<\/p>\n<p>17. Interceptar o el procurar interceptar, con cualquier m\u00e9todo, tr\u00e1fico de la red dirigido hacia otros clientes.<\/p>\n<p>18. Ejecutando servidores proxy, tales como squid o BNC, a menos que est\u00e9n disponibles solamente para los usuarios cuya informaci\u00f3n de contacto verificada es conocida por el operador proxy y se pueden divulgar a IbizMexico o a las autoridades de la aplicaci\u00f3n de ley por requerimiento. Todo el uso de tales servicios se debe traer a la atenci\u00f3n del equipo de seguridad de IbizMexico y ser aclarado por el encargado de la seguridad antes de que usted comience a trabajar con tales servicios.<\/p>\n<p>19. Cualquier comportamiento anterior o actual, tal como enviar e-mail no solicitado, que da lugar a la adici\u00f3n de IbizMexico a cualesquiera listas de \u201cblackhole\u201d de e-mail, o que afecta de otra manera negativamente los servicios totales de IbizMexico, es argumento para la terminaci\u00f3n del servicio\/cuenta.<\/p>\n<p>20. Todas las listas de e-mail operadas por nuestros clientes, que, ya sea est\u00e9n anunciando recursos en nuestras redes o est\u00e9n siendo enviados a trav\u00e9s de nuestras redes, deben estar conforme a los est\u00e1ndares de \u201cdouble opt-in\u201d. Para mayor informaci\u00f3n con respecto a los est\u00e1ndares y listas de \u201cdouble opt-in\u201d, por favor haga.<\/p>\n<p>Estos t\u00e9rminos y condiciones son actuales en fecha 28\/febrero\/2021. Si usted tiene cualesquiera preguntas con respecto a estos t\u00e9rminos, por favor p\u00f3ngase en contacto con IbizMexico al tel\u00e9fono en +52 33 3496 5883.<\/p>\n<p>copyright \u00a9 IbizMexico. Todos los derechos reservados<\/p>\n<p>&nbsp;<\/p>\n<p>&nbsp;<\/p>\n<p>&nbsp;<\/p>\n<p>&nbsp;<\/p>\n<p>&nbsp;<\/p>\n<p>&nbsp;<\/p>\n","protected":false},"excerpt":{"rendered":"<p>Estos son los t\u00e9rminos y condiciones bajo las cuales IbizMexico proporciona todos los servicios de ventas Webhosting y Dominios. Estos T\u00e9rminos de Servicio act\u00faan como un acuerdo completamente obligatorio entre IbizMexico y cada uno de sus clientes. 1. El Sistema de Hospedaje se localiza en el panel de control con la direcci\u00f3n: https:\/\/admin.paneldns.com. IbizMexico se [&hellip;]<\/p>\n","protected":false},"author":1,"featured_media":0,"parent":0,"menu_order":0,"comment_status":"closed","ping_status":"closed","template":"","meta":{"footnotes":""},"class_list":["post-806","page","type-page","status-publish","hentry"],"_links":{"self":[{"href":"https:\/\/ibizmexico.com.mx\/web\/wp-json\/wp\/v2\/pages\/806","targetHints":{"allow":["GET"]}}],"collection":[{"href":"https:\/\/ibizmexico.com.mx\/web\/wp-json\/wp\/v2\/pages"}],"about":[{"href":"https:\/\/ibizmexico.com.mx\/web\/wp-json\/wp\/v2\/types\/page"}],"author":[{"embeddable":true,"href":"https:\/\/ibizmexico.com.mx\/web\/wp-json\/wp\/v2\/users\/1"}],"replies":[{"embeddable":true,"href":"https:\/\/ibizmexico.com.mx\/web\/wp-json\/wp\/v2\/comments?post=806"}],"version-history":[{"count":7,"href":"https:\/\/ibizmexico.com.mx\/web\/wp-json\/wp\/v2\/pages\/806\/revisions"}],"predecessor-version":[{"id":2495,"href":"https:\/\/ibizmexico.com.mx\/web\/wp-json\/wp\/v2\/pages\/806\/revisions\/2495"}],"wp:attachment":[{"href":"https:\/\/ibizmexico.com.mx\/web\/wp-json\/wp\/v2\/media?parent=806"}],"curies":[{"name":"wp","href":"https:\/\/api.w.org\/{rel}","templated":true}]}}